{"id":397,"date":"2024-10-24T19:54:16","date_gmt":"2024-10-24T19:54:16","guid":{"rendered":"https:\/\/fhdarquitectura.es\/nosotros\/"},"modified":"2025-09-08T18:45:51","modified_gmt":"2025-09-08T18:45:51","slug":"nosotros","status":"publish","type":"page","link":"https:\/\/fhdarquitectura.es\/en\/nosotros\/","title":{"rendered":"Nosotros"},"content":{"rendered":"<section class=\"about_us_curvy1_22_1 background-1-light\" data-block-id=\"69de5482bdf2569de5482bdf26\" data-block-name=\"acf\/about-us-curvy1-22-1\" data-post-id=\"397\" data-stable-id=\"block_6c76e8322be2b8d7ff94f1bff3f6b328\">\r\n    <div class=\"container\">\r\n        <div class=\"row\">\r\n            <div class=\"col col-imagen\">\r\n                <div class=\"imagen\">\r\n                    <div class=\"imagen1\" style=\"background-image: url('https:\/\/fhdarquitectura.es\/wp-content\/uploads\/2025\/09\/ChatGPT-Image-4-sept-2025-19_37_51-1.png');\"\r\n                        aria-label=\"\"><\/div>\r\n                    <div class=\"imagen2\" style=\"background-image: url('https:\/\/fhdarquitectura.es\/wp-content\/uploads\/2025\/09\/ChatGPT-Image-4-sept-2025-19_42_33-e1757355600491.png');\"\r\n                        aria-label=\"\"><\/div>\r\n                <\/div>\r\n            <\/div>\r\n            <div class=\"col col-texto\">\r\n                <div class=\"right\">\r\n                                        <h2 class=\"tamano3 color-1-headings-dark\">QUIENES SOMOS&#8230;<\/h2>\r\n                                                            <div class=\"texto color-1-body-dark tamano7\"><div class=\"wp-block-column is-vertically-aligned-top\">\n<p class=\"has-text-align-center\" style=\"text-align: left;\"><strong>Creemos que la mejor arquitectura nace de la empat\u00eda:<\/strong> Comprender en profundidad las emociones y expectativas del cliente para transformarlas en soluciones <strong>a medida, con alma y car\u00e1cter propio<\/strong>. Apostamos por una arquitectura vanguardista y accesible, que invita a experimentar la innovaci\u00f3n sin perder la conexi\u00f3n con la <strong>escala humana<\/strong> que da sentido a los espacios.<\/p>\n<\/div>\n<p style=\"text-align: left;\"><strong>Comprometidos con el entorno socio-cultural:<\/strong> Gracias a la formaci\u00f3n recibida en <strong>Escuela T\u00e9cnica Superior de Arquitectura de Granada<\/strong>, donde obtuve el m\u00e1ster habilitante en un entorno acad\u00e9mico comprometido con la <strong>sostenibilidad y el di\u00e1logo con el paisaje<\/strong>, ha sido clave en mi desarrollo. La experiencia en la <strong>Universidade Aut\u00f3noma de Lisboa<\/strong>, aprendiendo junto a arquitectos de prestigio internacional, me aport\u00f3 una visi\u00f3n diversa en la que la arquitectura siempre se entiende en relaci\u00f3n con su contexto cultural.<\/p>\n<h4 class=\"tamano4 color-2-headings-light\" style=\"text-align: left;\"><!-- \/wp:column --> <!-- wp:column {\"width\":\"25%\",\"layout\":{\"type\":\"default\"}} --><\/h4>\n<div class=\"wp-block-column\" style=\"text-align: left;\"><strong>Exploraci\u00f3n constante y apertura al conocimiento:<\/strong> Colaborar con otros equipos de arquitectura nos permite nutrirnos de su experiencia e <strong>integrar nuevas perspectivas<\/strong>, ofreciendo un enfoque renovado donde la innovaci\u00f3n convive con el respeto a la tradici\u00f3n.\u00a0 <strong>Cada proyecto es \u00fanico<\/strong>: concebido desde la innovaci\u00f3n, pero consciente de la historia que le precede. Buscamos una arquitectura que dialogue con su <strong>tiempo y su entorno<\/strong>, que inspire a quienes la habitan y que sea <strong>accesible<\/strong>, <em>sin renunciar a la belleza ni a la excelencia t\u00e9cnica que merece cada detalle.<\/em><\/div>\n<\/div>\r\n                                        <div class=\"vermas tamano7 boton-4-texto-normal\">\r\n                        <span class=\"mas tamano7 boton-4-texto-normal\">Read more<\/span>\r\n                        <span class=\"menos hide tamano7 boton-4-texto-normal\">Read less<\/span>\r\n                        <svg width=\"13\" height=\"8\" viewBox=\"0 0 13 8\" fill=\"none\"\r\n                            xmlns=\"http:\/\/www.w3.org\/2000\/svg\">\r\n                            <path id=\"Vector 14\" d=\"M1 1L6.5 6.5L12 1\" stroke=\"#2B275C\" stroke-width=\"1.5\" \/>\r\n                        <\/svg>\r\n                    <\/div>\r\n                                        \r\n                                    <\/div>\r\n            <\/div>\r\n        <\/div>\r\n    <\/div>\r\n<\/section>\r\n<style>\r\n    .about_us_curvy1_22_1 .row {\r\n        display: flex;\r\n        justify-content: flex-start;\r\n        align-items: center;\r\n    }\r\n\r\n    .about_us_curvy1_22_1 .right .vermas span {\r\n        font-weight: var(--tamano5-font-weight);\r\n    }\r\n\r\n    .about_us_curvy1_22_1 .vermas svg path {\r\n        stroke: var(--boton-4-texto-normal);\r\n    }\r\n\r\n    .about_us_curvy1_22_1 .vermas .hide {\r\n        display: none;\r\n    }\r\n\r\n    .about_us_curvy1_22_1 .vermas.show svg {\r\n        transform: rotate(180deg);\r\n    }\r\n\r\n    .about_us_curvy1_22_1 .vermas.show {\r\n        padding-top: 20px;\r\n    }\r\n\r\n    .about_us_curvy1_22_1 .vermas {\r\n        display: flex;\r\n        align-items: center;\r\n        gap: 10px;\r\n        cursor: pointer;\r\n    }\r\n\r\n    .about_us_curvy1_22_1 .right .btn-round {\r\n        margin-top: 30px;\r\n    }\r\n\r\n    .about_us_curvy1_22_1 .right h2 {\r\n        padding-bottom: 23px;\r\n    }\r\n\r\n    .about_us_curvy1_22_1 .col-imagen img {\r\n        border-radius: 30px;\r\n        width: 100%;\r\n    }\r\n\r\n     .about_us_curvy1_22_1 .col-imagen .imagen {\r\n        display: -webkit-box;\r\n        \/* OLD - iOS 6-, Safari 3.1-6 *\/\r\n        display: -moz-box;\r\n        \/* OLD - Firefox 19- (buggy but mostly works) *\/\r\n        display: -ms-flexbox;\r\n        \/* TWEENER - IE 10 *\/\r\n        display: -webkit-flex;\r\n        \/* NEW - Chrome *\/\r\n        display: flex;\r\n        \/* NEW, Spec - Firefox, Chrome, Opera *\/\r\n        gap: 30px;\r\n        overflow: hidden;\r\n        float: right;\r\n        flex-direction: row;\r\n        transition: all 0.5s ease;\r\n    }\r\n\r\n    .about_us_curvy1_22_1 .col-imagen .imagen.image2 {\r\n        justify-content: flex-end;\r\n    }\r\n\r\n    .about_us_curvy1_22_1 .col-imagen .imagen.image1 {\r\n        justify-content: flex-start;\r\n    }\r\n\r\n    .about_us_curvy1_22_1 .col-imagen {\r\n        width: 50%;\r\n    }\r\n\r\n    .about_us_curvy1_22_1 .col-texto {\r\n        width: 50%;\r\n        padding-left: 60px;\r\n    }\r\n\r\n    .about_us_curvy1_22_1 .btn-round {\r\n        border-radius: 60px;\r\n        padding: 12px 25px;\r\n        display: inline-block;\r\n        min-width: 175px;\r\n        text-align: center;\r\n        text-decoration: none;\r\n    }\r\n\r\n    .about_us_curvy1_22_1 .right .texto *:last-child {\r\n        padding-bottom: 0;\r\n    }\r\n\r\n    .about_us_curvy1_22_1 .right .texto.show p:not(:first-child) {\r\n        display: block;\r\n    }\r\n\r\n    .about_us_curvy1_22_1 .right .texto p:not(:first-child) {\r\n        display: none;\r\n    }\r\n\r\n    .about_us_curvy1_22_1 .right .texto * {\r\n        padding-bottom: 20px;\r\n        font-size: inherit;\r\n        font-weight: inherit;\r\n        line-height: inherit;\r\n        letter-spacing: inherit;\r\n        font-family: inherit;\r\n    }\r\n\r\n    .about_us_curvy1_22_1 {\r\n        padding: 55px 0;\r\n        margin-top: -1px;\r\n    }\r\n\r\n    .about_us_curvy1_22_1 .col-imagen .imagen.hover2 .imagen1 {\r\n        width: 24%;\r\n        background-position: right;\r\n    }\r\n\r\n    .about_us_curvy1_22_1 .col-imagen .imagen.hover1 .imagen2 {\r\n        width: 24%;\r\n        background-position: left;\r\n    }\r\n\r\n    .about_us_curvy1_22_1 .col-imagen .imagen {\r\n        float: none;\r\n        gap: 30px;\r\n    }\r\n\r\n    .about_us_curvy1_22_1 .col-imagen .imagen.hover2 .imagen2,\r\n    .about_us_curvy1_22_1 .imagen2 {\r\n        width: 24%;\r\n        background-position: left;\r\n        border-radius: 30px;\r\n        background-repeat: no-repeat;\r\n        background-size: cover;\r\n        transition: all ease .3s;\r\n    }\r\n\r\n     .about_us_curvy1_22_1 .col-imagen .imagen.hover2 .imagen2,\r\n    .about_us_curvy1_22_1 .col-imagen .imagen.hover1 .imagen1,\r\n    .about_us_curvy1_22_1 .imagen1 {\r\n        width: 76%;\r\n        background-position: center;\r\n    }\r\n\r\n    .about_us_curvy1_22_1 .imagen2,\r\n    .about_us_curvy1_22_1 .imagen1 {\r\n        height: 566px;\r\n        transition: all ease .3s;\r\n        border-radius: 30px;\r\n        background-repeat: no-repeat;\r\n        background-size: cover;\r\n    }\r\n\r\n     @media (max-width:1550px) {\r\n        .about_us_curvy1_22_1 {\r\n            padding-right: 0;\r\n        }\r\n\r\n        .about_us_curvy1_22_1 .col-imagen img {\r\n            width: 80%;\r\n        }\r\n    }\r\n\r\n    @media (max-width:1300px) {\r\n        .about_us_curvy1_22_1 .col-texto {\r\n            width: 50%;\r\n        }\r\n    }\r\n\r\n    @media (max-width:1200px) {\r\n        .about_us_curvy1_22_1 .col-imagen {\r\n            width: 100%;\r\n        }\r\n\r\n        .about_us_curvy1_22_1 .col-texto {\r\n            padding-left: 15px;\r\n        }\r\n\r\n        .about_us_curvy1_22_1 .row {\r\n            flex-direction: column;\r\n            align-items: self-start;\r\n            gap: 30px;\r\n        }\r\n\r\n        .about_us_curvy1_22_1 .col-texto {\r\n            width: 100%;\r\n        }\r\n    }\r\n\r\n    @media (max-width:992px) {\r\n\r\n        .about_us_curvy1_22_1 .imagen2,\r\n        .about_us_curvy1_22_1 .imagen1 {\r\n            height: 400px;\r\n        }\r\n\r\n        .about_us_curvy1_22_1 .col-imagen {\r\n            width: 100%;\r\n        }\r\n\r\n        .about_us_curvy1_22_1 {\r\n            padding: 40px 0;\r\n        }\r\n    }\r\n\r\n    @media (max-width:768px) {\r\n        .about_us_curvy1_22_1 .right h2 {\r\n            line-height: var(--tamano5-line-height);\r\n        }\r\n\r\n        .about_us_curvy1_22_1 .imagen2,\r\n        .about_us_curvy1_22_1 .imagen1 {\r\n            height: 260px;\r\n            max-height: 260px;\r\n        }\r\n    }\r\n\r\n    @media (max-width:350px) {\r\n\r\n        .about_us_curvy1_22_1 .imagen2,\r\n        .about_us_curvy1_22_1 .imagen1 {\r\n            height: 200px;\r\n            max-height: 200px;\r\n        }\r\n    }\r\n<\/style>\r\n<script>\r\n    jQuery('.about_us_curvy1_22_1 .vermas').on('click', function() {\r\n        jQuery('.about_us_curvy1_22_1 .texto').toggleClass('show');\r\n        jQuery('.about_us_curvy1_22_1 .vermas').toggleClass('show');\r\n        jQuery('.about_us_curvy1_22_1 .vermas span').toggleClass('hide');\r\n    });\r\n\r\n\r\n    jQuery('.about_us_curvy1_22_1 .imagen2').on('mouseenter', function() {\r\n        jQuery('.about_us_curvy1_22_1 .col-imagen .imagen').addClass('hover2');\r\n        jQuery('.about_us_curvy1_22_1 .col-imagen .imagen').removeClass('hover1');\r\n    });\r\n\r\n    jQuery('.about_us_curvy1_22_1 .imagen1').on('mouseenter', function() {\r\n        jQuery('.about_us_curvy1_22_1 .col-imagen .imagen').addClass('hover1');\r\n        jQuery('.about_us_curvy1_22_1 .col-imagen .imagen').removeClass('hover2');\r\n    });\r\n<\/script>\r\n\n\n<section class=\"header_curvy1_30_1 background-1-light\" id=\"\" data-block-id=\"69de5482c111969de5482c111a\" data-block-name=\"acf\/header-curvy1-30-1\" data-post-id=\"397\" data-stable-id=\"block_87e80a6f2bdbb7ed531461eb3b60c174\">\r\n    <div class=\"container\">\r\n        <div class=\"row\">\r\n            <div class=\"col\">\r\n                                <div class=\"subtitulo tamano6-boldcta color-1-headings-dark\"> &#8220;La arquitectura es arte, pero tambi\u00e9n es un servicio. Es emoci\u00f3n, pero tambi\u00e9n es funci\u00f3n.&#8221; <\/div>\r\n                                <h1 class=\"tamano1 color-1-headings-dark\">Renzo Piano<\/h1>\r\n            <\/div>\r\n        <\/div>\r\n    <\/div>\r\n<\/section>\r\n<style>\r\n    .header_curvy1_30_1 .col .subtitulo {\r\n        text-align: center;\r\n        padding-bottom: 25px;\r\n    }\r\n\r\n    .header_curvy1_30_1 .col h1 {\r\n        text-align: center;\r\n    }\r\n\r\n    .header_curvy1_30_1 .col {\r\n        max-width: 1230px;\r\n        margin: 0 auto;\r\n    }\r\n\r\n    .header_curvy1_30_1 {\r\n        padding: 200px 0 55px 0;\r\n    }\r\n\r\n    @media (max-width:1200px) {\r\n        .header_curvy1_30_1 {\r\n            padding: 120px 0 35px 0;\r\n        }\r\n    }\r\n\r\n    @media (max-width:768px) {\r\n        .header_curvy1_30_1 h1 {\r\n            line-height: var(--tamano3-line-height);\r\n        }\r\n\r\n        .header_curvy1_30_1 {\r\n            padding: 100px 0 40px;\r\n        }\r\n    }\r\n<\/style>\r\n\n\n\n<p><\/p>\n","protected":false},"excerpt":{"rendered":"","protected":false},"author":1,"featured_media":0,"parent":0,"menu_order":0,"comment_status":"open","ping_status":"closed","template":"","meta":{"_acf_changed":false,"iawp_total_views":1,"footnotes":""},"class_list":["post-397","page","type-page","status-publish","hentry"],"acf":[],"yoast_head":"<!-- This site is optimized with the Yoast SEO plugin v27.4 - https:\/\/yoast.com\/product\/yoast-seo-wordpress\/ -->\n<title>Dise\u00f1o Arquitect\u00f3nico Personalizado - FHD\/ARQ<\/title>\n<meta name=\"description\" content=\"Transformamos ideas en espacios \u00fanicos y habitables, combinando innovaci\u00f3n, elegancia y colaboraci\u00f3n para crear arquitectura con alma y visi\u00f3n.\" \/>\n<meta name=\"robots\" content=\"index, follow, max-snippet:-1, max-image-preview:large, max-video-preview:-1\" \/>\n<link rel=\"canonical\" href=\"https:\/\/fhdarquitectura.es\/en\/nosotros\/\" \/>\n<meta property=\"og:locale\" content=\"en_US\" \/>\n<meta property=\"og:type\" content=\"article\" \/>\n<meta property=\"og:title\" content=\"Dise\u00f1o Arquitect\u00f3nico Personalizado - FHD\/ARQ\" \/>\n<meta property=\"og:description\" content=\"Transformamos ideas en espacios \u00fanicos y habitables, combinando innovaci\u00f3n, elegancia y colaboraci\u00f3n para crear arquitectura con alma y visi\u00f3n.\" \/>\n<meta property=\"og:url\" content=\"https:\/\/fhdarquitectura.es\/en\/nosotros\/\" \/>\n<meta property=\"og:site_name\" content=\"FHDUR\u00c1N 4RQUITECTUR4\" \/>\n<meta property=\"article:modified_time\" content=\"2025-09-08T18:45:51+00:00\" \/>\n<meta name=\"twitter:card\" content=\"summary_large_image\" \/>\n<!-- \/ Yoast SEO plugin. -->","yoast_head_json":{"title":"Dise\u00f1o Arquitect\u00f3nico Personalizado - FHD\/ARQ","description":"Transformamos ideas en espacios \u00fanicos y habitables, combinando innovaci\u00f3n, elegancia y colaboraci\u00f3n para crear arquitectura con alma y visi\u00f3n.","robots":{"index":"index","follow":"follow","max-snippet":"max-snippet:-1","max-image-preview":"max-image-preview:large","max-video-preview":"max-video-preview:-1"},"canonical":"https:\/\/fhdarquitectura.es\/en\/nosotros\/","og_locale":"en_US","og_type":"article","og_title":"Dise\u00f1o Arquitect\u00f3nico Personalizado - FHD\/ARQ","og_description":"Transformamos ideas en espacios \u00fanicos y habitables, combinando innovaci\u00f3n, elegancia y colaboraci\u00f3n para crear arquitectura con alma y visi\u00f3n.","og_url":"https:\/\/fhdarquitectura.es\/en\/nosotros\/","og_site_name":"FHDUR\u00c1N 4RQUITECTUR4","article_modified_time":"2025-09-08T18:45:51+00:00","twitter_card":"summary_large_image","schema":{"@context":"https:\/\/schema.org","@graph":[{"@type":"WebPage","@id":"https:\/\/fhdarquitectura.es\/en\/nosotros\/","url":"https:\/\/fhdarquitectura.es\/en\/nosotros\/","name":"Dise\u00f1o Arquitect\u00f3nico Personalizado - FHD\/ARQ","isPartOf":{"@id":"https:\/\/fhdarquitectura.es\/en\/#website"},"datePublished":"2024-10-24T19:54:16+00:00","dateModified":"2025-09-08T18:45:51+00:00","description":"Transformamos ideas en espacios \u00fanicos y habitables, combinando innovaci\u00f3n, elegancia y colaboraci\u00f3n para crear arquitectura con alma y visi\u00f3n.","breadcrumb":{"@id":"https:\/\/fhdarquitectura.es\/en\/nosotros\/#breadcrumb"},"inLanguage":"en-US","potentialAction":[{"@type":"ReadAction","target":["https:\/\/fhdarquitectura.es\/en\/nosotros\/"]}]},{"@type":"BreadcrumbList","@id":"https:\/\/fhdarquitectura.es\/en\/nosotros\/#breadcrumb","itemListElement":[{"@type":"ListItem","position":1,"name":"Portada","item":"https:\/\/fhdarquitectura.es\/en\/"},{"@type":"ListItem","position":2,"name":"Nosotros"}]},{"@type":"WebSite","@id":"https:\/\/fhdarquitectura.es\/en\/#website","url":"https:\/\/fhdarquitectura.es\/en\/","name":"FHDUR\u00c1N 4RQUITECTUR4","description":"","publisher":{"@id":"https:\/\/fhdarquitectura.es\/en\/#organization"},"potentialAction":[{"@type":"SearchAction","target":{"@type":"EntryPoint","urlTemplate":"https:\/\/fhdarquitectura.es\/en\/?s={search_term_string}"},"query-input":{"@type":"PropertyValueSpecification","valueRequired":true,"valueName":"search_term_string"}}],"inLanguage":"en-US"},{"@type":"Organization","@id":"https:\/\/fhdarquitectura.es\/en\/#organization","name":"FHDUR\u00c1N 4RQUITECTUR4","url":"https:\/\/fhdarquitectura.es\/en\/","logo":{"@type":"ImageObject","inLanguage":"en-US","@id":"https:\/\/fhdarquitectura.es\/en\/#\/schema\/logo\/image\/","url":"https:\/\/fhdarquitectura.es\/wp-content\/uploads\/2024\/10\/Leonardo_Phoenix_El_logotipo_presenta_las_letras_FHDURN_4RQUIT_0.jpg","contentUrl":"https:\/\/fhdarquitectura.es\/wp-content\/uploads\/2024\/10\/Leonardo_Phoenix_El_logotipo_presenta_las_letras_FHDURN_4RQUIT_0.jpg","width":768,"height":768,"caption":"FHDUR\u00c1N 4RQUITECTUR4"},"image":{"@id":"https:\/\/fhdarquitectura.es\/en\/#\/schema\/logo\/image\/"}}]}},"_links":{"self":[{"href":"https:\/\/fhdarquitectura.es\/en\/wp-json\/wp\/v2\/pages\/397","targetHints":{"allow":["GET"]}}],"collection":[{"href":"https:\/\/fhdarquitectura.es\/en\/wp-json\/wp\/v2\/pages"}],"about":[{"href":"https:\/\/fhdarquitectura.es\/en\/wp-json\/wp\/v2\/types\/page"}],"author":[{"embeddable":true,"href":"https:\/\/fhdarquitectura.es\/en\/wp-json\/wp\/v2\/users\/1"}],"replies":[{"embeddable":true,"href":"https:\/\/fhdarquitectura.es\/en\/wp-json\/wp\/v2\/comments?post=397"}],"version-history":[{"count":51,"href":"https:\/\/fhdarquitectura.es\/en\/wp-json\/wp\/v2\/pages\/397\/revisions"}],"predecessor-version":[{"id":1663,"href":"https:\/\/fhdarquitectura.es\/en\/wp-json\/wp\/v2\/pages\/397\/revisions\/1663"}],"wp:attachment":[{"href":"https:\/\/fhdarquitectura.es\/en\/wp-json\/wp\/v2\/media?parent=397"}],"curies":[{"name":"wp","href":"https:\/\/api.w.org\/{rel}","templated":true}]}}