{"id":1178,"date":"2025-05-09T05:34:19","date_gmt":"2025-05-09T05:34:19","guid":{"rendered":"https:\/\/fhdarquitectura.es\/servicios\/infografias-renderizados-3d\/"},"modified":"2025-10-30T09:41:09","modified_gmt":"2025-10-30T09:41:09","slug":"infografias-renderizados-3d","status":"publish","type":"page","link":"https:\/\/fhdarquitectura.es\/en\/servicios\/infografias-renderizados-3d\/","title":{"rendered":"Infograf\u00edas\/Renderizados 3D"},"content":{"rendered":"<section class=\"header_15_2\" id=\"\" style=\"background-image:url('https:\/\/fhdarquitectura.es\/wp-content\/uploads\/2025\/09\/ChatGPT-Image-8-sept-2025-20_12_39-e1757355269919.png');\"\r\n    aria-label=\"Imagen de servicios profesionales.\" data-block-id=\"69de54613b52b69de54613b52c\" data-block-name=\"acf\/header-15-2\" data-post-id=\"1178\" data-stable-id=\"block_508789322997694f410ce7f64d1aface\">\r\n    <div class=\"mask\"><\/div>\r\n    <div class=\"container\" data-aos=\"fade-up\">\r\n        <div class=\"row\">\r\n            <div class=\"col \">\r\n                                <h1 class=\"tamano2 color-2-headings-light\">Infograf\u00edas y Renderizados 3D<\/h1>\r\n                                                <div class=\"texto tamano7 color-2-headings-light\"><p>Damos vida a tus ideas con visualizaciones realistas y de alta calidad. Nuestras infograf\u00edas 3D permiten entender cada detalle del proyecto antes de construirlo, facilitando la toma de decisiones.<\/p>\n<\/div>\r\n                            <\/div>\r\n        <\/div>\r\n    <\/div>\r\n<\/section>\r\n<style>\r\n    .header_15_2 .col {\r\n        max-width: 895px;\r\n    }\r\n\r\n    .header_15_2 .mask {\r\n        background: rgba(18, 18, 18, 0.50);\r\n        \/* background: rgba(255, 255, 255, 0.50); *\/\r\n        position: absolute;\r\n        top: 0;\r\n        left: 0;\r\n        width: 100%;\r\n        height: 100%;\r\n    }\r\n\r\n    .header_15_2 h1 {\r\n        padding-bottom: 25px;\r\n    }\r\n\r\n    .header_15_2 {\r\n        position: relative;\r\n        min-height: 500px;\r\n        background-position: center;\r\n        background-repeat: no-repeat;\r\n        background-size: cover;\r\n        padding: 150px 0;\r\n        display: flex;\r\n        align-items: center;\r\n        padding-top: 195px\r\n    }\r\n\r\n    .header_15_2-center {\r\n        text-align: center;\r\n        margin: 0 auto;\r\n    }\r\n\r\n    @media (max-width:992px) {\r\n        .header_15_2 {\r\n            padding: 100px 0;\r\n            min-height: auto;\r\n        }\r\n    }\r\n\r\n    @media (max-width:768px) {\r\n        .header_15_2 h1 {\r\n            line-height: var(--tamano3-line-height);\r\n        }\r\n\r\n        .header_15_2 {\r\n            padding: 180px 0 100px;\r\n        }\r\n    }\r\n<\/style>\r\n\n\n<section class=\"iconos_child_curvy1_2_1_4 background-1-light\" data-block-id=\"69de54613de1f69de54613de20\" data-block-name=\"acf\/services-child-curvy1-2-1-4\" data-post-id=\"1178\" data-stable-id=\"block_6ee4a980996f52ff1d1f12072e28ac99\">\r\n    <div class=\"container\">\r\n        <div class=\"row\">\r\n                        <div class=\"col col-titulo\">\r\n                <h3 class=\"color-1-headings-dark tamano3\">Puntos Clave<\/h3>\r\n            <\/div>\r\n                        <div class=\"col col-iconos\">\r\n                                                <div class=\"icono-item\">\r\n                    <div class=\"icono color-logotipo-positive\">\r\n                                                                                    <svg fill=\"currentColor\"  xmlns=\"http:\/\/www.w3.org\/2000\/svg\" viewBox=\"0 0 448 512\"><!--! Font Awesome Pro 6.7.2 by @fontawesome - https:\/\/fontawesome.com License - https:\/\/fontawesome.com\/license (Commercial License) Copyright 2024 Fonticons, Inc. --><path d=\"M438.6 105.4c12.5 12.5 12.5 32.8 0 45.3l-256 256c-12.5 12.5-32.8 12.5-45.3 0l-128-128c-12.5-12.5-12.5-32.8 0-45.3s32.8-12.5 45.3 0L160 338.7 393.4 105.4c12.5-12.5 32.8-12.5 45.3 0z\"\/><\/svg>                                                                        <\/div>\r\n                                        <div class=\"titulo tamano6-boldcta color-1-body-dark\">\r\n                        Im\u00e1genes fotorrealistas del proyecto.                    <\/div>\r\n                                    <\/div>\r\n                                                <div class=\"icono-item\">\r\n                    <div class=\"icono color-logotipo-positive\">\r\n                                                                                    <svg fill=\"currentColor\"  xmlns=\"http:\/\/www.w3.org\/2000\/svg\" viewBox=\"0 0 448 512\"><!--! Font Awesome Pro 6.7.2 by @fontawesome - https:\/\/fontawesome.com License - https:\/\/fontawesome.com\/license (Commercial License) Copyright 2024 Fonticons, Inc. --><path d=\"M438.6 105.4c12.5 12.5 12.5 32.8 0 45.3l-256 256c-12.5 12.5-32.8 12.5-45.3 0l-128-128c-12.5-12.5-12.5-32.8 0-45.3s32.8-12.5 45.3 0L160 338.7 393.4 105.4c12.5-12.5 32.8-12.5 45.3 0z\"\/><\/svg>                                                                        <\/div>\r\n                                        <div class=\"titulo tamano6-boldcta color-1-body-dark\">\r\n                        Modelado 3D detallado y profesional.                    <\/div>\r\n                                    <\/div>\r\n                                                <div class=\"icono-item\">\r\n                    <div class=\"icono color-logotipo-positive\">\r\n                                                                                    <svg fill=\"currentColor\"  xmlns=\"http:\/\/www.w3.org\/2000\/svg\" viewBox=\"0 0 448 512\"><!--! Font Awesome Pro 6.7.2 by @fontawesome - https:\/\/fontawesome.com License - https:\/\/fontawesome.com\/license (Commercial License) Copyright 2024 Fonticons, Inc. --><path d=\"M438.6 105.4c12.5 12.5 12.5 32.8 0 45.3l-256 256c-12.5 12.5-32.8 12.5-45.3 0l-128-128c-12.5-12.5-12.5-32.8 0-45.3s32.8-12.5 45.3 0L160 338.7 393.4 105.4c12.5-12.5 32.8-12.5 45.3 0z\"\/><\/svg>                                                                        <\/div>\r\n                                        <div class=\"titulo tamano6-boldcta color-1-body-dark\">\r\n                        Presentaciones para clientes e inversores.                    <\/div>\r\n                                    <\/div>\r\n                                                <div class=\"icono-item\">\r\n                    <div class=\"icono color-logotipo-positive\">\r\n                                                                                    <svg fill=\"currentColor\"  xmlns=\"http:\/\/www.w3.org\/2000\/svg\" viewBox=\"0 0 448 512\"><!--! Font Awesome Pro 6.7.2 by @fontawesome - https:\/\/fontawesome.com License - https:\/\/fontawesome.com\/license (Commercial License) Copyright 2024 Fonticons, Inc. --><path d=\"M438.6 105.4c12.5 12.5 12.5 32.8 0 45.3l-256 256c-12.5 12.5-32.8 12.5-45.3 0l-128-128c-12.5-12.5-12.5-32.8 0-45.3s32.8-12.5 45.3 0L160 338.7 393.4 105.4c12.5-12.5 32.8-12.5 45.3 0z\"\/><\/svg>                                                                        <\/div>\r\n                                        <div class=\"titulo tamano6-boldcta color-1-body-dark\">\r\n                        Simulaci\u00f3n de materiales, luz y entorno.                    <\/div>\r\n                                    <\/div>\r\n                            <\/div>\r\n        <\/div>\r\n    <\/div>\r\n<\/section>\r\n<style>\r\n    .bloques_child_curvy1_2_1_4 .subbloque_child_curvy1_2_1_4 .texto *:not(:last-child) {\r\n        padding-bottom: 20px;\r\n    }\r\n\r\n    .bloques_child_curvy1_2_1_4 .subbloque_child_curvy1_2_1_4 .texto {\r\n        padding-bottom: 35px;\r\n    }\r\n\r\n    .bloques_child_curvy1_2_1_4 .vermas svg path {\r\n        stroke: var(--boton-4-texto-normal);\r\n    }\r\n\r\n    .bloques_child_curvy1_2_1_4 .vermas .hide {\r\n        display: none;\r\n    }\r\n\r\n    .bloques_child_curvy1_2_1_4 .vermas.show svg {\r\n        transform: rotate(180deg);\r\n    }\r\n\r\n    .bloques_child_curvy1_2_1_4 .vermas.show {\r\n        padding-top: 20px;\r\n    }\r\n\r\n    .bloques_child_curvy1_2_1_4 .vermas {\r\n        display: none;\r\n        align-items: center;\r\n        gap: 10px;\r\n        cursor: pointer;\r\n    }\r\n\r\n    .bloques_child_curvy1_2_1_4 .subbloque_child_curvy1_2_1_4 h3 {\r\n        padding-bottom: 25px;\r\n    }\r\n\r\n    .bloques_child_curvy1_2_1_4 .subbloque_child_curvy1_2_1_4 .row .col-texto {\r\n        width: 50%;\r\n    }\r\n\r\n    .bloques_child_curvy1_2_1_4 .subbloque_child_curvy1_2_1_4 .row .col-imagen img {\r\n        border-radius: 30px;\r\n    }\r\n\r\n     .bloques_child_curvy1_2_1_4 .subbloque_child_curvy1_2_1_4 .row .col-imagen .video {\r\n        width: 100%;\r\n        height: 100%;\r\n        overflow: hidden;\r\n        border-radius: 30px;\r\n    }\r\n\r\n     .bloques_child_curvy1_2_1_4 .subbloque_child_curvy1_2_1_4 .row .col-imagen .video iframe {\r\n        width: 100%;\r\n        height: 100%;\r\n        border: none;\r\n        min-height: 600px;\r\n    }\r\n\r\n    .bloques_child_curvy1_2_1_4 .subbloque_child_curvy1_2_1_4 .row .col-imagen {\r\n        width: 50%;\r\n    }\r\n\r\n    .bloques_child_curvy1_2_1_4 .subbloque_child_curvy1_2_1_4:nth-child(even) .row {\r\n        flex-direction: row-reverse;\r\n    }\r\n\r\n    .bloques_child_curvy1_2_1_4 .subbloque_child_curvy1_2_1_4 .row {\r\n        display: flex;\r\n        align-items: center;\r\n        gap: 8.33%;\r\n    }\r\n\r\n    .iconos_child_curvy1_2_1_4 {\r\n        padding-left: 150px;\r\n        padding-right: 150px;\r\n    }\r\n\r\n    .iconos_child_curvy1_2_1_4,\r\n    .bloques_child_curvy1_2_1_4 {\r\n        padding: 80px 0;\r\n    }\r\n\r\n    .subbloque_child_curvy1_2_1_4 .container {\r\n        padding-top: 50px !important;\r\n        padding-bottom: 50px !important;\r\n        background: var(--background-2-light);\r\n        border-radius: 30px;\r\n    }\r\n\r\n     .bloques_child_curvy1_2_1_4 {\r\n        display: flex;\r\n        flex-direction: column;\r\n        gap: 40px;\r\n    }\r\n\r\n    .subbloque_child_curvy1_2_1_4 {\r\n        padding-left: 200px;\r\n        padding-right: 200px;\r\n    }\r\n\r\n    .subbloque_child_curvy1_2_1_4 .btn-round {\r\n        border-radius: 60px;\r\n        padding: 12px 25px;\r\n        display: inline-block;\r\n        min-width: 175px;\r\n        text-align: center;\r\n        text-decoration: none;\r\n    }\r\n\r\n     .iconos_child_curvy1_2_1_4 .col-titulo h3 {\r\n        text-align: center;\r\n    }\r\n\r\n    .iconos_child_curvy1_2_1_4 .col-iconos .icono-item img {\r\n        max-width: 112px;\r\n        margin: 0 auto;\r\n    }\r\n\r\n    .iconos_child_curvy1_2_1_4 .col-iconos .icono-item .titulo {\r\n        text-align: center;\r\n    }\r\n\r\n    .iconos_child_curvy1_2_1_4 .col-iconos .icono-item {\r\n        display: flex;\r\n        flex-direction: column;\r\n        gap: 35px;\r\n        justify-content: center;\r\n        align-items: center;\r\n        width: calc(20% - 24px);\r\n    }\r\n\r\n    .iconos_child_curvy1_2_1_4 .col-iconos .icono-item .icono {\r\n        width: 60px;\r\n    }\r\n\r\n    .iconos_child_curvy1_2_1_4 .col-iconos {\r\n        display: flex;\r\n        align-items: flex-start;\r\n        flex-wrap: wrap;\r\n        gap: 30px;\r\n        justify-content: center;\r\n    }\r\n\r\n    .iconos_child_curvy1_2_1_4 .col-titulo {\r\n        padding-bottom: 80px;\r\n    }\r\n\r\n    .iconos_child_curvy1_2_1_4 {\r\n        padding-left: 150px;\r\n        padding-right: 150px;\r\n    }\r\n\r\n    @media (max-width:1750px) {\r\n        .iconos_child_curvy1_2_1_4 {\r\n            padding-left: 50px;\r\n            padding-right: 50px;\r\n        }\r\n\r\n        .subbloque_child_curvy1_2_1_4 {\r\n            padding-left: 100px;\r\n            padding-right: 100px;\r\n        }\r\n    }\r\n\r\n    @media (max-width:1550px) {\r\n        .bloques_child_curvy1_2_1_4 .subbloque_child_curvy1_2_1_4 .row {\r\n            gap: 75px;\r\n        }\r\n\r\n        .subbloque_child_curvy1_2_1_4,\r\n        .iconos_child_curvy1_2_1_4 {\r\n            padding-left: 50px;\r\n            padding-right: 50px;\r\n        }\r\n    }\r\n\r\n    @media (max-width:1350px) {\r\n        .iconos_child_curvy1_2_1_4 {\r\n            padding-left: 0;\r\n            padding-right: 0;\r\n        }\r\n\r\n        .bloques_child_curvy1_2_1_4 .subbloque_child_curvy1_2_1_4 .row .col-texto {\r\n            width: 50%;\r\n        }\r\n\r\n        .bloques_child_curvy1_2_1_4 .subbloque_child_curvy1_2_1_4 .row {\r\n            gap: 0;\r\n        }\r\n\r\n        .bloques_child_curvy1_2_1_4 .subbloque_child_curvy1_2_1_4 .row .col-imagen .video iframe {\r\n            min-height: 450px;\r\n        }\r\n    }\r\n\r\n    @media (max-width:1250px) {\r\n        .bloques_child_curvy1_2_1_4 .subbloque_child_curvy1_2_1_4 .row {\r\n            gap: 0;\r\n        }\r\n    }\r\n\r\n    @media (max-width:992px) {\r\n        .bloques_child_curvy1_2_1_4 .subbloque_child_curvy1_2_1_4 .row .col-imagen .video iframe {\r\n            min-height: 370px;\r\n        }\r\n\r\n        .subbloque_child_curvy1_2_1_4,\r\n        .iconos_child_curvy1_2_1_4 {\r\n            padding-left: 15px;\r\n            padding-right: 15px;\r\n        }\r\n\r\n        .bloques_child_curvy1_2_1_4 .subbloque_child_curvy1_2_1_4 .texto {\r\n            padding-bottom: 0;\r\n        }\r\n\r\n        .iconos_child_curvy1_2_1_4 .col-iconos .icono-item {\r\n            width: calc(50% - 15px);\r\n        }\r\n\r\n        .bloques_child_curvy1_2_1_4 .subbloque_child_curvy1_2_1_4 .row>.col {\r\n            width: 100%;\r\n        }\r\n\r\n        .bloques_child_curvy1_2_1_4 .subbloque_child_curvy1_2_1_4:nth-child(even) .row,\r\n        .bloques_child_curvy1_2_1_4 .subbloque_child_curvy1_2_1_4 .row {\r\n            flex-direction: column;\r\n            gap: 30px;\r\n        }\r\n\r\n        .iconos_child_curvy1_2_1_4,\r\n        .bloques_child_curvy1_2_1_4 {\r\n            padding: 40px 0;\r\n        }\r\n\r\n        .bloques_child_curvy1_2_1_4 .texto.show p:not(:first-child) {\r\n            display: block;\r\n        }\r\n\r\n        .bloques_child_curvy1_2_1_4 .texto p:not(:first-child) {\r\n            display: none;\r\n        }\r\n\r\n        .bloques_child_curvy1_2_1_4 .vermas span {\r\n            font-weight: var(--tamano4-font-weight);\r\n        }\r\n\r\n        .bloques_child_curvy1_2_1_4 .vermas {\r\n            display: flex;\r\n            padding-top: 15px;\r\n        }\r\n\r\n        .bloques_child_curvy1_2_1_4 .subbloque_child_curvy1_2_1_4 .texto *:not(:last-child) {\r\n            padding-bottom: 0;\r\n        }\r\n\r\n        .bloques_child_curvy1_2_1_4 .subbloque_child_curvy1_2_1_4 h3 {\r\n            line-height: var(--tamano5-line-height);\r\n        }\r\n\r\n        .subbloque_child_curvy1_2_1_4 .container {\r\n            padding-top: 22px !important;\r\n            padding-bottom: 22px !important;\r\n        }\r\n    }\r\n\r\n    @media (max-width:768px) {\r\n        .bloques_child_curvy1_2_1_4 .subbloque_child_curvy1_2_1_4 .row .col-imagen .video iframe {\r\n            min-height: 310px;\r\n        }\r\n    }\r\n\r\n    @media (max-width:320px) {\r\n        .iconos_child_curvy1_2_1_4 .col-iconos .icono-item {\r\n            width: 100%;\r\n        }\r\n    }\r\n<\/style>\r\n<script>\r\n    jQuery(document).ready(function($) {\r\n        const $instance = $('.bloques_child_curvy1_2_1_4[original-block-id=\"block_6ee4a980996f52ff1d1f12072e28ac99\"]');\r\n\r\n        if (!$instance.length) return;\r\n\r\n        const CONFIG_SCC1214 = {\r\n            limites: {\r\n                mobile: 300,\r\n                desktop: 600\r\n            },\r\n            breakpoint: 992\r\n        };\r\n\r\n        function truncarTextoEnUltimaPalabraSCC1214(texto, limite) {\r\n            if (texto.length <= limite) return texto;\r\n            const cortado = texto.substring(0, limite);\r\n            const ultimoEspacio = cortado.lastIndexOf(' ');\r\n            return (ultimoEspacio > limite * 0.8 ? cortado.substring(0, ultimoEspacio) : cortado) + '...';\r\n        }\r\n\r\n        function truncarHTMLSCC1214(html, limite) {\r\n            const $temp = $('<div>').html(html);\r\n            let chars = 0,\r\n                resultado = '';\r\n\r\n            function procesarNodoSCC1214(nodo) {\r\n                if (chars >= limite) return false;\r\n\r\n                if (nodo.nodeType === 3) {\r\n                    const texto = nodo.textContent || '';\r\n                    if (chars + texto.length <= limite) {\r\n                        resultado += texto;\r\n                        chars += texto.length;\r\n                    } else {\r\n                        resultado += truncarTextoEnUltimaPalabraSCC1214(texto, limite - chars);\r\n                        chars = limite;\r\n                        return false;\r\n                    }\r\n                } else if (nodo.nodeType === 1) {\r\n                    const $elem = $(nodo);\r\n                    const tag = nodo.tagName.toLowerCase();\r\n                    const textoElem = $elem.text();\r\n\r\n                    if (chars + textoElem.length <= limite) {\r\n                        resultado += $('<div>').append($elem.clone()).html();\r\n                        chars += textoElem.length;\r\n                    } else {\r\n                        const attrs = Array.from(nodo.attributes).map(a =>\r\n                            a.name + '=\"' + (a.value || '').replace(\/\"\/g, '&quot;') + '\"'\r\n                        ).join(' ');\r\n                        resultado += '<' + tag + (attrs ? ' ' + attrs : '') + '>';\r\n\r\n                        $elem.contents().each(function() {\r\n                            return procesarNodoSCC1214(this);\r\n                        });\r\n\r\n                        resultado += '<\/' + tag + '>';\r\n                        return false;\r\n                    }\r\n                }\r\n                return true;\r\n            }\r\n\r\n            $temp.contents().each(function() {\r\n                return procesarNodoSCC1214(this);\r\n            });\r\n\r\n            return resultado || truncarTextoEnUltimaPalabraSCC1214($temp.text(), limite);\r\n        }\r\n\r\n        function aplicarTruncadoSCC1214() {\r\n            $instance.find('.texto-completo').each(function() {\r\n                const $completo = $(this);\r\n                if ($completo.is(':visible')) return;\r\n\r\n                const $texto = $completo.closest('.texto');\r\n                const $corto = $completo.siblings('.texto-corto');\r\n                const $vermas = $completo.closest('.subbloque_child_curvy1_2_1_4').find('.vermas');\r\n\r\n                if (!$corto.length) return;\r\n\r\n                const html = $completo.html() || '';\r\n                const textoPlano = $completo.text() || '';\r\n                const esMobile = $(window).width() <= CONFIG_SCC1214.breakpoint;\r\n                const limite = esMobile ? CONFIG_SCC1214.limites.mobile : CONFIG_SCC1214.limites\r\n                    .desktop;\r\n                const desactivado = $texto.attr('data-desactivar-leer-mas') === '1';\r\n\r\n                if (desactivado) {\r\n                    if (!esMobile) {\r\n                        $corto.html(html).show();\r\n                        $vermas.hide();\r\n                        return;\r\n                    }\r\n                }\r\n\r\n                if (textoPlano.length > limite) {\r\n                    $corto.html(truncarHTMLSCC1214(html, limite)).show();\r\n                    $vermas.css('display', 'flex');\r\n                } else {\r\n                    $corto.html(html).show();\r\n                    $vermas.hide();\r\n                }\r\n            });\r\n        }\r\n\r\n        aplicarTruncadoSCC1214();\r\n        $(window).on('resize', aplicarTruncadoSCC1214);\r\n\r\n        $instance.on('click', '.vermas', function() {\r\n            const $btn = $(this);\r\n            const $texto = $btn.closest('.subbloque_child_curvy1_2_1_4').find('.texto');\r\n            const $corto = $texto.find('.texto-corto');\r\n            const $completo = $texto.find('.texto-completo');\r\n\r\n            if ($corto.is(':visible')) {\r\n                $corto.hide();\r\n                $completo.show();\r\n                $btn.addClass('show');\r\n            } else {\r\n                $completo.hide();\r\n                aplicarTruncadoSCC1214();\r\n                $btn.removeClass('show');\r\n            }\r\n\r\n            $btn.find('span').toggleClass('hide');\r\n        });\r\n    });\r\n<\/script>\r\n","protected":false},"excerpt":{"rendered":"","protected":false},"author":1,"featured_media":0,"parent":396,"menu_order":0,"comment_status":"open","ping_status":"closed","template":"","meta":{"_acf_changed":false,"iawp_total_views":0,"footnotes":""},"class_list":["post-1178","page","type-page","status-publish","hentry"],"acf":[],"yoast_head":"<!-- This site is optimized with the Yoast SEO plugin v27.4 - https:\/\/yoast.com\/product\/yoast-seo-wordpress\/ -->\n<title>Servicios de Arquitectura en FHD\/ARQ<\/title>\n<meta name=\"description\" content=\"Explora nuestros servicios arquitect\u00f3nicos y descubre c\u00f3mo podemos transformar tus espacios con soluciones innovadoras y personalizadas. Vis\u00edtanos para m\u00e1s informaci\u00f3n.\" \/>\n<meta name=\"robots\" content=\"index, follow, max-snippet:-1, max-image-preview:large, max-video-preview:-1\" \/>\n<link rel=\"canonical\" href=\"https:\/\/fhdarquitectura.es\/en\/servicios\/infografias-renderizados-3d\/\" \/>\n<meta property=\"og:locale\" content=\"en_US\" \/>\n<meta property=\"og:type\" content=\"article\" \/>\n<meta property=\"og:title\" content=\"Servicios de Arquitectura en FHD\/ARQ\" \/>\n<meta property=\"og:description\" content=\"Explora nuestros servicios arquitect\u00f3nicos y descubre c\u00f3mo podemos transformar tus espacios con soluciones innovadoras y personalizadas. Vis\u00edtanos para m\u00e1s informaci\u00f3n.\" \/>\n<meta property=\"og:url\" content=\"https:\/\/fhdarquitectura.es\/en\/servicios\/infografias-renderizados-3d\/\" \/>\n<meta property=\"og:site_name\" content=\"FHDUR\u00c1N 4RQUITECTUR4\" \/>\n<meta property=\"article:modified_time\" content=\"2025-10-30T09:41:09+00:00\" \/>\n<meta name=\"twitter:card\" content=\"summary_large_image\" \/>\n<!-- \/ Yoast SEO plugin. -->","yoast_head_json":{"title":"Servicios de Arquitectura en FHD\/ARQ","description":"Explora nuestros servicios arquitect\u00f3nicos y descubre c\u00f3mo podemos transformar tus espacios con soluciones innovadoras y personalizadas. Vis\u00edtanos para m\u00e1s informaci\u00f3n.","robots":{"index":"index","follow":"follow","max-snippet":"max-snippet:-1","max-image-preview":"max-image-preview:large","max-video-preview":"max-video-preview:-1"},"canonical":"https:\/\/fhdarquitectura.es\/en\/servicios\/infografias-renderizados-3d\/","og_locale":"en_US","og_type":"article","og_title":"Servicios de Arquitectura en FHD\/ARQ","og_description":"Explora nuestros servicios arquitect\u00f3nicos y descubre c\u00f3mo podemos transformar tus espacios con soluciones innovadoras y personalizadas. Vis\u00edtanos para m\u00e1s informaci\u00f3n.","og_url":"https:\/\/fhdarquitectura.es\/en\/servicios\/infografias-renderizados-3d\/","og_site_name":"FHDUR\u00c1N 4RQUITECTUR4","article_modified_time":"2025-10-30T09:41:09+00:00","twitter_card":"summary_large_image","schema":{"@context":"https:\/\/schema.org","@graph":[{"@type":"WebPage","@id":"https:\/\/fhdarquitectura.es\/en\/servicios\/infografias-renderizados-3d\/","url":"https:\/\/fhdarquitectura.es\/en\/servicios\/infografias-renderizados-3d\/","name":"Servicios de Arquitectura en FHD\/ARQ","isPartOf":{"@id":"https:\/\/fhdarquitectura.es\/en\/#website"},"datePublished":"2025-05-09T05:34:19+00:00","dateModified":"2025-10-30T09:41:09+00:00","description":"Explora nuestros servicios arquitect\u00f3nicos y descubre c\u00f3mo podemos transformar tus espacios con soluciones innovadoras y personalizadas. Vis\u00edtanos para m\u00e1s informaci\u00f3n.","breadcrumb":{"@id":"https:\/\/fhdarquitectura.es\/en\/servicios\/infografias-renderizados-3d\/#breadcrumb"},"inLanguage":"en-US","potentialAction":[{"@type":"ReadAction","target":["https:\/\/fhdarquitectura.es\/en\/servicios\/infografias-renderizados-3d\/"]}]},{"@type":"BreadcrumbList","@id":"https:\/\/fhdarquitectura.es\/en\/servicios\/infografias-renderizados-3d\/#breadcrumb","itemListElement":[{"@type":"ListItem","position":1,"name":"Portada","item":"https:\/\/fhdarquitectura.es\/en\/"},{"@type":"ListItem","position":2,"name":"Servicios","item":"https:\/\/fhdarquitectura.es\/en\/servicios\/"},{"@type":"ListItem","position":3,"name":"Infograf\u00edas\/Renderizados 3D"}]},{"@type":"WebSite","@id":"https:\/\/fhdarquitectura.es\/en\/#website","url":"https:\/\/fhdarquitectura.es\/en\/","name":"FHDUR\u00c1N 4RQUITECTUR4","description":"","publisher":{"@id":"https:\/\/fhdarquitectura.es\/en\/#organization"},"potentialAction":[{"@type":"SearchAction","target":{"@type":"EntryPoint","urlTemplate":"https:\/\/fhdarquitectura.es\/en\/?s={search_term_string}"},"query-input":{"@type":"PropertyValueSpecification","valueRequired":true,"valueName":"search_term_string"}}],"inLanguage":"en-US"},{"@type":"Organization","@id":"https:\/\/fhdarquitectura.es\/en\/#organization","name":"FHDUR\u00c1N 4RQUITECTUR4","url":"https:\/\/fhdarquitectura.es\/en\/","logo":{"@type":"ImageObject","inLanguage":"en-US","@id":"https:\/\/fhdarquitectura.es\/en\/#\/schema\/logo\/image\/","url":"https:\/\/fhdarquitectura.es\/wp-content\/uploads\/2024\/10\/Leonardo_Phoenix_El_logotipo_presenta_las_letras_FHDURN_4RQUIT_0.jpg","contentUrl":"https:\/\/fhdarquitectura.es\/wp-content\/uploads\/2024\/10\/Leonardo_Phoenix_El_logotipo_presenta_las_letras_FHDURN_4RQUIT_0.jpg","width":768,"height":768,"caption":"FHDUR\u00c1N 4RQUITECTUR4"},"image":{"@id":"https:\/\/fhdarquitectura.es\/en\/#\/schema\/logo\/image\/"}}]}},"_links":{"self":[{"href":"https:\/\/fhdarquitectura.es\/en\/wp-json\/wp\/v2\/pages\/1178","targetHints":{"allow":["GET"]}}],"collection":[{"href":"https:\/\/fhdarquitectura.es\/en\/wp-json\/wp\/v2\/pages"}],"about":[{"href":"https:\/\/fhdarquitectura.es\/en\/wp-json\/wp\/v2\/types\/page"}],"author":[{"embeddable":true,"href":"https:\/\/fhdarquitectura.es\/en\/wp-json\/wp\/v2\/users\/1"}],"replies":[{"embeddable":true,"href":"https:\/\/fhdarquitectura.es\/en\/wp-json\/wp\/v2\/comments?post=1178"}],"version-history":[{"count":6,"href":"https:\/\/fhdarquitectura.es\/en\/wp-json\/wp\/v2\/pages\/1178\/revisions"}],"predecessor-version":[{"id":1754,"href":"https:\/\/fhdarquitectura.es\/en\/wp-json\/wp\/v2\/pages\/1178\/revisions\/1754"}],"up":[{"embeddable":true,"href":"https:\/\/fhdarquitectura.es\/en\/wp-json\/wp\/v2\/pages\/396"}],"wp:attachment":[{"href":"https:\/\/fhdarquitectura.es\/en\/wp-json\/wp\/v2\/media?parent=1178"}],"curies":[{"name":"wp","href":"https:\/\/api.w.org\/{rel}","templated":true}]}}